{"id":5,"date":"2020-02-22T14:30:42","date_gmt":"2020-02-22T14:30:42","guid":{"rendered":"http:\/\/www.taksierkkila.fi\/?page_id=5"},"modified":"2020-06-02T13:43:23","modified_gmt":"2020-06-02T10:43:23","slug":"taksi-sakyla-taksi-erkkila","status":"publish","type":"page","link":"https:\/\/www.taksierkkila.fi\/","title":{"rendered":"Taksi Erkkil\u00e4"},"content":{"rendered":"\t\t<div data-elementor-type=\"wp-page\" data-elementor-id=\"5\" class=\"elementor elementor-5\">\n\t\t\t\t\t\t<div class=\"elementor-inner\">\n\t\t\t\t<div class=\"elementor-section-wrap\">\n\t\t\t\t\t\t\t\t\t<section class=\"elementor-section elementor-top-section elementor-element elementor-element-f6da572 elementor-section-height-min-height elementor-section-boxed elementor-section-height-default elementor-section-items-middle\" data-id=\"f6da572\" data-element_type=\"section\" data-settings=\"{&quot;background_background&quot;:&quot;classic&quot;}\">\n\t\t\t\t\t\t<div class=\"elementor-container elementor-column-gap-default\">\n\t\t\t\t\t\t\t<div class=\"elementor-row\">\n\t\t\t\t\t<div class=\"elementor-column elementor-col-50 elementor-top-column elementor-element elementor-element-9c257da\" data-id=\"9c257da\" data-element_type=\"column\">\n\t\t\t<div class=\"elementor-column-wrap\">\n\t\t\t\t\t\t\t<div class=\"elementor-widget-wrap\">\n\t\t\t\t\t\t\t\t<\/div>\n\t\t\t\t\t<\/div>\n\t\t<\/div>\n\t\t\t\t<div class=\"elementor-column elementor-col-50 elementor-top-column elementor-element elementor-element-55e66e6\" data-id=\"55e66e6\" data-element_type=\"column\">\n\t\t\t<div class=\"elementor-column-wrap elementor-element-populated\">\n\t\t\t\t\t\t\t<div class=\"elementor-widget-wrap\">\n\t\t\t\t\t\t<div class=\"elementor-element elementor-element-10dce02 elementor-widget elementor-widget-heading\" data-id=\"10dce02\" data-element_type=\"widget\" data-widget_type=\"heading.default\">\n\t\t\t\t<div class=\"elementor-widget-container\">\n\t\t\t<h2 class=\"elementor-heading-title elementor-size-default\">Taksi<br>Erkkil\u00e4 <\/h2>\t\t<\/div>\n\t\t\t\t<\/div>\n\t\t\t\t<div class=\"elementor-element elementor-element-ae62b39 elementor-widget elementor-widget-heading\" data-id=\"ae62b39\" data-element_type=\"widget\" data-widget_type=\"heading.default\">\n\t\t\t\t<div class=\"elementor-widget-container\">\n\t\t\t<p class=\"elementor-heading-title elementor-size-default\">Taksi S\u00e4kyl\u00e4 - Taksipalvelut L\u00e4nsi-Suomen alueelta,<br>ja melkein minne tahansa.<br>Tarvitsetpa sitten kyyti\u00e4 itsellesi<br>tai tavaroillesi, Taksi Erkkil\u00e4n kanssa homma hoituu huolettomasti.<\/p>\t\t<\/div>\n\t\t\t\t<\/div>\n\t\t\t\t<div class=\"elementor-element elementor-element-aeaaf92 elementor-widget elementor-widget-heading\" data-id=\"aeaaf92\" data-element_type=\"widget\" data-widget_type=\"heading.default\">\n\t\t\t\t<div class=\"elementor-widget-container\">\n\t\t\t<h2 class=\"elementor-heading-title elementor-size-default\">SOITA JA TILAA<br>TAKSI S\u00c4KYL\u00c4<br>044 241 4859<\/h2>\t\t<\/div>\n\t\t\t\t<\/div>\n\t\t\t\t\t\t<\/div>\n\t\t\t\t\t<\/div>\n\t\t<\/div>\n\t\t\t\t\t\t\t\t<\/div>\n\t\t\t\t\t<\/div>\n\t\t<\/section>\n\t\t\t\t<section class=\"elementor-section elementor-top-section elementor-element elementor-element-bbb1ef7 elementor-section-height-min-height elementor-section-boxed elementor-section-height-default elementor-section-items-middle\" data-id=\"bbb1ef7\" data-element_type=\"section\" data-settings=\"{&quot;background_background&quot;:&quot;classic&quot;}\">\n\t\t\t\t\t\t<div class=\"elementor-container elementor-column-gap-default\">\n\t\t\t\t\t\t\t<div class=\"elementor-row\">\n\t\t\t\t\t<div class=\"elementor-column elementor-col-50 elementor-top-column elementor-element elementor-element-c647742\" data-id=\"c647742\" data-element_type=\"column\">\n\t\t\t<div class=\"elementor-column-wrap elementor-element-populated\">\n\t\t\t\t\t\t\t<div class=\"elementor-widget-wrap\">\n\t\t\t\t\t\t<div class=\"elementor-element elementor-element-baaa364 elementor-widget elementor-widget-menu-anchor\" data-id=\"baaa364\" data-element_type=\"widget\" data-widget_type=\"menu-anchor.default\">\n\t\t\t\t<div class=\"elementor-widget-container\">\n\t\t\t\t\t<div id=\"palvelumme\" class=\"elementor-menu-anchor\"><\/div>\n\t\t\t\t<\/div>\n\t\t\t\t<\/div>\n\t\t\t\t<div class=\"elementor-element elementor-element-d7f8cd3 elementor-widget elementor-widget-heading\" data-id=\"d7f8cd3\" data-element_type=\"widget\" data-widget_type=\"heading.default\">\n\t\t\t\t<div class=\"elementor-widget-container\">\n\t\t\t<h2 class=\"elementor-heading-title elementor-size-default\">PALVELUMME<\/h2>\t\t<\/div>\n\t\t\t\t<\/div>\n\t\t\t\t<div class=\"elementor-element elementor-element-fb506f6 elementor-widget elementor-widget-heading\" data-id=\"fb506f6\" data-element_type=\"widget\" data-widget_type=\"heading.default\">\n\t\t\t\t<div class=\"elementor-widget-container\">\n\t\t\t<p class=\"elementor-heading-title elementor-size-default\">Taksi Erkkil\u00e4 tarjoaa monipuoliset sek\u00e4 luotettavat kuljetuspalvelut. On kyseess\u00e4 sitten kyyti viikonlopun rientoihin, tavarakuljetus tai vaikka matka lentokent\u00e4lle, niin Taksi Erkkil\u00e4 hoitaa sinut ja tavarasi luotettavasti perille.<\/p>\t\t<\/div>\n\t\t\t\t<\/div>\n\t\t\t\t\t\t<\/div>\n\t\t\t\t\t<\/div>\n\t\t<\/div>\n\t\t\t\t<div class=\"elementor-column elementor-col-50 elementor-top-column elementor-element elementor-element-09fbc2e\" data-id=\"09fbc2e\" data-element_type=\"column\">\n\t\t\t<div class=\"elementor-column-wrap\">\n\t\t\t\t\t\t\t<div class=\"elementor-widget-wrap\">\n\t\t\t\t\t\t\t\t<\/div>\n\t\t\t\t\t<\/div>\n\t\t<\/div>\n\t\t\t\t\t\t\t\t<\/div>\n\t\t\t\t\t<\/div>\n\t\t<\/section>\n\t\t\t\t<section class=\"elementor-section elementor-top-section elementor-element elementor-element-00dc098 elementor-section-height-min-height elementor-section-boxed elementor-section-height-default elementor-section-items-middle\" data-id=\"00dc098\" data-element_type=\"section\" data-settings=\"{&quot;background_background&quot;:&quot;classic&quot;}\">\n\t\t\t\t\t\t<div class=\"elementor-container elementor-column-gap-default\">\n\t\t\t\t\t\t\t<div class=\"elementor-row\">\n\t\t\t\t\t<div class=\"elementor-column elementor-col-50 elementor-top-column elementor-element elementor-element-0f7bb36\" data-id=\"0f7bb36\" data-element_type=\"column\">\n\t\t\t<div class=\"elementor-column-wrap elementor-element-populated\">\n\t\t\t\t\t\t\t<div class=\"elementor-widget-wrap\">\n\t\t\t\t\t\t<div class=\"elementor-element elementor-element-25e10bc elementor-widget elementor-widget-testimonial\" data-id=\"25e10bc\" data-element_type=\"widget\" data-widget_type=\"testimonial.default\">\n\t\t\t\t<div class=\"elementor-widget-container\">\n\t\t\t\t\t<div class=\"elementor-testimonial-wrapper\">\n\t\t\t\n\t\t\t\t\t\t<div class=\"elementor-testimonial-meta elementor-has-image elementor-testimonial-image-position-top\">\n\t\t\t\t<div class=\"elementor-testimonial-meta-inner\">\n\t\t\t\t\t\t\t\t\t\t\t<div class=\"elementor-testimonial-image\">\n\t\t\t\t\t\t\t<img width=\"525\" height=\"525\" src=\"https:\/\/www.taksierkkila.fi\/wp-content\/uploads\/2020\/03\/P1192810-e1583693535491.jpg\" class=\"attachment-large size-large wp-image-16\" alt=\"Taksi S\u00e4kyl\u00e4 - Kuljettaja istuu autossaan\" loading=\"lazy\" srcset=\"https:\/\/www.taksierkkila.fi\/wp-content\/uploads\/2020\/03\/P1192810-e1583693535491.jpg 525w, https:\/\/www.taksierkkila.fi\/wp-content\/uploads\/2020\/03\/P1192810-e1583693535491-300x300.jpg 300w, https:\/\/www.taksierkkila.fi\/wp-content\/uploads\/2020\/03\/P1192810-e1583693535491-150x150.jpg 150w\" sizes=\"(max-width: 525px) 100vw, 525px\" \/>\t\t\t\t\t\t<\/div>\n\t\t\t\t\t\n\t\t\t\t\t\t\t\t\t\t<div class=\"elementor-testimonial-details\">\n\t\t\t\t\t\t\t\t\t\t\t\t\t\t<div class=\"elementor-testimonial-name\">Tommi Erkkil\u00e4<\/div>\n\t\t\t\t\t\t\t\t\t\t\t\t\t\t\t\t\t\t\t<\/div>\n\t\t\t\t\t\t\t\t\t<\/div>\n\t\t\t<\/div>\n\t\t\t\t\t<\/div>\n\t\t\t\t<\/div>\n\t\t\t\t<\/div>\n\t\t\t\t\t\t<\/div>\n\t\t\t\t\t<\/div>\n\t\t<\/div>\n\t\t\t\t<div class=\"elementor-column elementor-col-50 elementor-top-column elementor-element elementor-element-11ad783\" data-id=\"11ad783\" data-element_type=\"column\">\n\t\t\t<div class=\"elementor-column-wrap elementor-element-populated\">\n\t\t\t\t\t\t\t<div class=\"elementor-widget-wrap\">\n\t\t\t\t\t\t<div class=\"elementor-element elementor-element-43284be elementor-widget elementor-widget-heading\" data-id=\"43284be\" data-element_type=\"widget\" data-widget_type=\"heading.default\">\n\t\t\t\t<div class=\"elementor-widget-container\">\n\t\t\t<p class=\"elementor-heading-title elementor-size-default\">\"L\u00e4mpim\u00e4sti tervetuloa Taksi Erkkil\u00e4n kyytiin!\"<br>T\u00e4ss\u00e4 taksissa ei liikaa stressata,<br>vaan hoidetaan kuljetukset rennolla fiiliksell\u00e4!\"<\/p>\t\t<\/div>\n\t\t\t\t<\/div>\n\t\t\t\t\t\t<\/div>\n\t\t\t\t\t<\/div>\n\t\t<\/div>\n\t\t\t\t\t\t\t\t<\/div>\n\t\t\t\t\t<\/div>\n\t\t<\/section>\n\t\t\t\t<section class=\"elementor-section elementor-top-section elementor-element elementor-element-e1cc439 elementor-section-height-min-height elementor-section-boxed elementor-section-height-default elementor-section-items-middle\" data-id=\"e1cc439\" data-element_type=\"section\" data-settings=\"{&quot;background_background&quot;:&quot;classic&quot;}\">\n\t\t\t\t\t\t<div class=\"elementor-container elementor-column-gap-default\">\n\t\t\t\t\t\t\t<div class=\"elementor-row\">\n\t\t\t\t\t<div class=\"elementor-column elementor-col-100 elementor-top-column elementor-element elementor-element-3e83215\" data-id=\"3e83215\" data-element_type=\"column\">\n\t\t\t<div class=\"elementor-column-wrap elementor-element-populated\">\n\t\t\t\t\t\t\t<div class=\"elementor-widget-wrap\">\n\t\t\t\t\t\t<div class=\"elementor-element elementor-element-5e5fd50 elementor-widget elementor-widget-menu-anchor\" data-id=\"5e5fd50\" data-element_type=\"widget\" data-widget_type=\"menu-anchor.default\">\n\t\t\t\t<div class=\"elementor-widget-container\">\n\t\t\t\t\t<div id=\"ota-yhteytta\" class=\"elementor-menu-anchor\"><\/div>\n\t\t\t\t<\/div>\n\t\t\t\t<\/div>\n\t\t\t\t<div class=\"elementor-element elementor-element-526a9d7 elementor-widget-divider--view-line elementor-widget elementor-widget-divider\" data-id=\"526a9d7\" data-element_type=\"widget\" data-widget_type=\"divider.default\">\n\t\t\t\t<div class=\"elementor-widget-container\">\n\t\t\t\t\t<div class=\"elementor-divider\">\n\t\t\t<span class=\"elementor-divider-separator\">\n\t\t\t\t\t\t<\/span>\n\t\t<\/div>\n\t\t\t\t<\/div>\n\t\t\t\t<\/div>\n\t\t\t\t<div class=\"elementor-element elementor-element-b0f5f0f elementor-widget elementor-widget-heading\" data-id=\"b0f5f0f\" data-element_type=\"widget\" data-widget_type=\"heading.default\">\n\t\t\t\t<div class=\"elementor-widget-container\">\n\t\t\t<h2 class=\"elementor-heading-title elementor-size-default\">OTA YHTEYTT\u00c4<\/h2>\t\t<\/div>\n\t\t\t\t<\/div>\n\t\t\t\t<div class=\"elementor-element elementor-element-f477e85 elementor-widget-divider--view-line elementor-widget elementor-widget-divider\" data-id=\"f477e85\" data-element_type=\"widget\" data-widget_type=\"divider.default\">\n\t\t\t\t<div class=\"elementor-widget-container\">\n\t\t\t\t\t<div class=\"elementor-divider\">\n\t\t\t<span class=\"elementor-divider-separator\">\n\t\t\t\t\t\t<\/span>\n\t\t<\/div>\n\t\t\t\t<\/div>\n\t\t\t\t<\/div>\n\t\t\t\t<div class=\"elementor-element elementor-element-00cd4e8 elementor-widget elementor-widget-heading\" data-id=\"00cd4e8\" data-element_type=\"widget\" data-widget_type=\"heading.default\">\n\t\t\t\t<div class=\"elementor-widget-container\">\n\t\t\t<h2 class=\"elementor-heading-title elementor-size-default\">Taksi Erkkil\u00e4\u00e4n voit olla yhteydess\u00e4 monella eri tavalla!<br>Voit k\u00e4ytt\u00e4\u00e4 nettisivuiltamme l\u00f6ytyv\u00e4\u00e4 chatti\u00e4 ja vastaamme heti, kun ehdimme. Huomioithan, ett\u00e4 emme vastaa viesteihin, kun auto kulkee.<br>Voit aktivoida chatin kirjoittamalla jotain viestilaatikkoon. Jos chat ei ole aktiivisena, tulee viestisi meille siit\u00e4 huolimatta. Muistathan j\u00e4tt\u00e4\u00e4 yhteystietosi, niin voimme olla sinuun yhteydess\u00e4 my\u00f6hemmin.<\/h2>\t\t<\/div>\n\t\t\t\t<\/div>\n\t\t\t\t<div class=\"elementor-element elementor-element-0d337f7 elementor-widget elementor-widget-image-carousel\" data-id=\"0d337f7\" data-element_type=\"widget\" data-settings=\"{&quot;slides_to_show&quot;:&quot;3&quot;,&quot;slides_to_scroll&quot;:&quot;3&quot;,&quot;navigation&quot;:&quot;none&quot;,&quot;autoplay&quot;:&quot;no&quot;,&quot;infinite&quot;:&quot;yes&quot;,&quot;speed&quot;:500}\" data-widget_type=\"image-carousel.default\">\n\t\t\t\t<div class=\"elementor-widget-container\">\n\t\t\t\t\t<div class=\"elementor-image-carousel-wrapper swiper-container\" dir=\"ltr\">\n\t\t\t<div class=\"elementor-image-carousel swiper-wrapper\">\n\t\t\t\t\t\t\t\t<div class=\"swiper-slide\"><figure class=\"swiper-slide-inner\"><img class=\"swiper-slide-image\" src=\"https:\/\/www.taksierkkila.fi\/wp-content\/uploads\/2020\/03\/speak-238488_1920-e1583691373993-1024x640.jpg\" alt=\"Taksi S\u00e4kyl\u00e4 - Huutakaa lankapuhelimeen\" \/><\/figure><\/div><div class=\"swiper-slide\"><figure class=\"swiper-slide-inner\"><img class=\"swiper-slide-image\" src=\"https:\/\/www.taksierkkila.fi\/wp-content\/uploads\/2020\/03\/phone-3594206_1920-e1583691501567-1024x640.jpg\" alt=\"Taksi S\u00e4kyl\u00e4 - Vanha puhelin\" \/><\/figure><\/div><div class=\"swiper-slide\"><figure class=\"swiper-slide-inner\"><img class=\"swiper-slide-image\" src=\"https:\/\/www.taksierkkila.fi\/wp-content\/uploads\/2020\/03\/businessman-2956974_1920-e1583691353869-1024x640.jpg\" alt=\"Taksi S\u00e4kyl\u00e4 - J\u00e4t\u00e4 viesti\" \/><\/figure><\/div>\t\t\t<\/div>\n\t\t\t\t\t\t\t\t\t\t\t\t\t\t\t\t<\/div>\n\t\t\t\t<\/div>\n\t\t\t\t<\/div>\n\t\t\t\t<div class=\"elementor-element elementor-element-bb860b7 elementor-widget elementor-widget-heading\" data-id=\"bb860b7\" data-element_type=\"widget\" data-widget_type=\"heading.default\">\n\t\t\t\t<div class=\"elementor-widget-container\">\n\t\t\t<h2 class=\"elementor-heading-title elementor-size-default\">Totta kai voit perinteisesti nyp\u00e4t\u00e4 hihasta tai soittaa<br>ja monta kertaa t\u00e4m\u00e4 on suositeltavaa, koska emme vastaa viesteihin<br>auton kulkiessa. Seh\u00e4n on hyv\u00e4nen aika vaarallista.<\/h2>\t\t<\/div>\n\t\t\t\t<\/div>\n\t\t\t\t<div class=\"elementor-element elementor-element-a597d3b elementor-widget elementor-widget-heading\" data-id=\"a597d3b\" data-element_type=\"widget\" data-widget_type=\"heading.default\">\n\t\t\t\t<div class=\"elementor-widget-container\">\n\t\t\t<h2 class=\"elementor-heading-title elementor-size-default\">SOITA JA TILAA<br>TAKSI S\u00c4KYL\u00c4<br>044 241 4859<\/h2>\t\t<\/div>\n\t\t\t\t<\/div>\n\t\t\t\t\t\t<\/div>\n\t\t\t\t\t<\/div>\n\t\t<\/div>\n\t\t\t\t\t\t\t\t<\/div>\n\t\t\t\t\t<\/div>\n\t\t<\/section>\n\t\t\t\t<section class=\"elementor-section elementor-top-section elementor-element elementor-element-79035e4 elementor-section-height-min-height elementor-hidden-desktop elementor-hidden-tablet elementor-hidden-phone elementor-section-boxed elementor-section-height-default elementor-section-items-middle\" data-id=\"79035e4\" data-element_type=\"section\" data-settings=\"{&quot;background_background&quot;:&quot;classic&quot;}\">\n\t\t\t\t\t\t<div class=\"elementor-container elementor-column-gap-default\">\n\t\t\t\t\t\t\t<div class=\"elementor-row\">\n\t\t\t\t\t<div class=\"elementor-column elementor-col-100 elementor-top-column elementor-element elementor-element-3ec3b0a\" data-id=\"3ec3b0a\" data-element_type=\"column\">\n\t\t\t<div class=\"elementor-column-wrap elementor-element-populated\">\n\t\t\t\t\t\t\t<div class=\"elementor-widget-wrap\">\n\t\t\t\t\t\t<div class=\"elementor-element elementor-element-b745937 elementor-widget elementor-widget-htwpform-addons\" data-id=\"b745937\" data-element_type=\"widget\" data-widget_type=\"htwpform-addons.default\">\n\t\t\t\t<div class=\"elementor-widget-container\">\n\t\t\t            <div class=\"htwpform_area\" >\n                <div class=\"wpforms-container wpforms-container-full\" id=\"wpforms-23\"><form id=\"wpforms-form-23\" class=\"wpforms-validate wpforms-form\" data-formid=\"23\" method=\"post\" enctype=\"multipart\/form-data\" action=\"\/index.php?rest_route=%2Fwp%2Fv2%2Fpages%2F5\" data-token=\"55b100167da9f44ee1ef25de2e35935f\" data-token-time=\"1778669864\"><div class=\"wpforms-head-container\"><div class=\"wpforms-title\">Ota yhteytt\u00e4<\/div><\/div><noscript class=\"wpforms-error-noscript\">Please enable JavaScript in your browser to complete this form.<\/noscript><div class=\"wpforms-field-container\"><div id=\"wpforms-23-field_0-container\" class=\"wpforms-field wpforms-field-name\" data-field-id=\"0\"><label class=\"wpforms-field-label\" for=\"wpforms-23-field_0\">Nimi <span class=\"wpforms-required-label\">*<\/span><\/label><input type=\"text\" id=\"wpforms-23-field_0\" class=\"wpforms-field-large wpforms-field-required\" name=\"wpforms[fields][0]\" required><\/div><div id=\"wpforms-23-field_1-container\" class=\"wpforms-field wpforms-field-email\" data-field-id=\"1\"><label class=\"wpforms-field-label\" for=\"wpforms-23-field_1\">S\u00e4hk\u00f6posti <span class=\"wpforms-required-label\">*<\/span><\/label><input type=\"email\" id=\"wpforms-23-field_1\" class=\"wpforms-field-large wpforms-field-required\" name=\"wpforms[fields][1]\" spellcheck=\"false\" required><\/div><div id=\"wpforms-23-field_2-container\" class=\"wpforms-field wpforms-field-textarea\" data-field-id=\"2\"><label class=\"wpforms-field-label\" for=\"wpforms-23-field_2\">Viestisi (lis\u00e4\u00e4th\u00e4n puhelinnumerosi viestiisi) <span class=\"wpforms-required-label\">*<\/span><\/label><textarea id=\"wpforms-23-field_2\" class=\"wpforms-field-medium wpforms-field-required\" name=\"wpforms[fields][2]\" required><\/textarea><\/div><\/div><!-- .wpforms-field-container --><div class=\"wpforms-submit-container\" ><input type=\"hidden\" name=\"wpforms[id]\" value=\"23\"><input type=\"hidden\" name=\"page_title\" value=\"\"><input type=\"hidden\" name=\"page_url\" value=\"https:\/\/www.taksierkkila.fi\/index.php?rest_route=\/wp\/v2\/pages\/5\"><input type=\"hidden\" name=\"url_referer\" value=\"\"><button type=\"submit\" name=\"wpforms[submit]\" id=\"wpforms-submit-23\" class=\"wpforms-submit\" data-alt-text=\"L\u00e4hett\u00e4\u00e4...\" data-submit-text=\"L\u00e4het\u00e4\" aria-live=\"assertive\" value=\"wpforms-submit\">L\u00e4het\u00e4<\/button><\/div><\/form><\/div>  <!-- .wpforms-container -->            <\/div>\n\n        \t\t<\/div>\n\t\t\t\t<\/div>\n\t\t\t\t\t\t<\/div>\n\t\t\t\t\t<\/div>\n\t\t<\/div>\n\t\t\t\t\t\t\t\t<\/div>\n\t\t\t\t\t<\/div>\n\t\t<\/section>\n\t\t\t\t\t\t\t\t\t<\/div>\n\t\t\t<\/div>\n\t\t\t\t\t<\/div>\n\t\t","protected":false},"excerpt":{"rendered":"<p>TaksiErkkil\u00e4 Taksi S\u00e4kyl\u00e4 &#8211; Taksipalvelut L\u00e4nsi-Suomen alueelta,ja melkein minne tahansa.Tarvitsetpa sitten kyyti\u00e4 itsellesitai tavaroillesi, Taksi Erkkil\u00e4n kanssa homma hoituu huolettomasti. SOITA JA TILAATAKSI S\u00c4KYL\u00c4044 241 4859 PALVELUMME Taksi Erkkil\u00e4 tarjoaa monipuoliset sek\u00e4 luotettavat kuljetuspalvelut. On kyseess\u00e4 sitten kyyti viikonlopun rientoihin, tavarakuljetus tai vaikka matka lentokent\u00e4lle, niin Taksi Erkkil\u00e4 hoitaa sinut ja tavarasi luotettavasti perille. Tommi [&hellip;]<\/p>\n","protected":false},"author":2,"featured_media":15,"parent":0,"menu_order":0,"comment_status":"closed","ping_status":"closed","template":"","meta":{"site-sidebar-layout":"no-sidebar","site-content-layout":"page-builder","ast-site-content-layout":"default","site-content-style":"default","site-sidebar-style":"default","ast-global-header-display":"","ast-banner-title-visibility":"","ast-main-header-display":"","ast-hfb-above-header-display":"","ast-hfb-below-header-display":"","ast-hfb-mobile-header-display":"","site-post-title":"disabled","ast-breadcrumbs-content":"","ast-featured-img":"disabled","footer-sml-layout":"","theme-transparent-header-meta":"default","adv-header-id-meta":"","stick-header-meta":"","header-above-stick-meta":"","header-main-stick-meta":"","header-below-stick-meta":"","astra-migrate-meta-layouts":"default","ast-page-background-enabled":"default","ast-page-background-meta":{"desktop":{"background-color":"","background-image":"","background-repeat":"repeat","background-position":"center center","background-size":"auto","background-attachment":"scroll","background-type":"","background-media":"","overlay-type":"","overlay-color":"","overlay-opacity":"","overlay-gradient":""},"tablet":{"background-color":"","background-image":"","background-repeat":"repeat","background-position":"center center","background-size":"auto","background-attachment":"scroll","background-type":"","background-media":"","overlay-type":"","overlay-color":"","overlay-opacity":"","overlay-gradient":""},"mobile":{"background-color":"","background-image":"","background-repeat":"repeat","background-position":"center center","background-size":"auto","background-attachment":"scroll","background-type":"","background-media":"","overlay-type":"","overlay-color":"","overlay-opacity":"","overlay-gradient":""}},"ast-content-background-meta":{"desktop":{"background-color":"var(--ast-global-color-5)","background-image":"","background-repeat":"repeat","background-position":"center center","background-size":"auto","background-attachment":"scroll","background-type":"","background-media":"","overlay-type":"","overlay-color":"","overlay-opacity":"","overlay-gradient":""},"tablet":{"background-color":"var(--ast-global-color-5)","background-image":"","background-repeat":"repeat","background-position":"center center","background-size":"auto","background-attachment":"scroll","background-type":"","background-media":"","overlay-type":"","overlay-color":"","overlay-opacity":"","overlay-gradient":""},"mobile":{"background-color":"var(--ast-global-color-5)","background-image":"","background-repeat":"repeat","background-position":"center center","background-size":"auto","background-attachment":"scroll","background-type":"","background-media":"","overlay-type":"","overlay-color":"","overlay-opacity":"","overlay-gradient":""}}},"yoast_head":"<!-- This site is optimized with the Yoast SEO plugin v15.2.1 - https:\/\/yoast.com\/wordpress\/plugins\/seo\/ -->\n<title>Taksi S\u00e4kyl\u00e4 - Taksi Erkkil\u00e4 Kuljettaa Luotettavasti L\u00e4nsi-Suomen Alueelta<\/title>\n<meta name=\"description\" content=\"Taksi S\u00e4kyl\u00e4 - Taksi Erkkil\u00e4 tarjoaa luotettavaa henkil\u00f6- ja tavarakuljetuspalvelua S\u00e4kyl\u00e4ss\u00e4 ja koko L\u00e4nsi-Suomen alueella. Ota yhteytt\u00e4 ja hypp\u00e4\u00e4 kyytiin!\" \/>\n<meta name=\"robots\" content=\"index, follow, max-snippet:-1, max-image-preview:large, max-video-preview:-1\" \/>\n<link rel=\"canonical\" href=\"https:\/\/www.taksierkkila.fi\/\" \/>\n<meta property=\"og:locale\" content=\"fi_FI\" \/>\n<meta property=\"og:type\" content=\"article\" \/>\n<meta property=\"og:title\" content=\"Taksi S\u00e4kyl\u00e4 - Taksi Erkkil\u00e4 Kuljettaa Luotettavasti L\u00e4nsi-Suomen Alueelta\" \/>\n<meta property=\"og:description\" content=\"Taksi S\u00e4kyl\u00e4 - Taksi Erkkil\u00e4 tarjoaa luotettavaa henkil\u00f6- ja tavarakuljetuspalvelua S\u00e4kyl\u00e4ss\u00e4 ja koko L\u00e4nsi-Suomen alueella. Ota yhteytt\u00e4 ja hypp\u00e4\u00e4 kyytiin!\" \/>\n<meta property=\"og:url\" content=\"https:\/\/www.taksierkkila.fi\/\" \/>\n<meta property=\"og:site_name\" content=\"Taksi Erkkil&auml; - Taksi S&auml;kyl&auml;\" \/>\n<meta property=\"article:modified_time\" content=\"2020-06-02T10:43:23+00:00\" \/>\n<meta property=\"og:image\" content=\"https:\/\/www.taksierkkila.fi\/wp-content\/uploads\/2020\/03\/P1192801.jpg\" \/>\n\t<meta property=\"og:image:width\" content=\"2000\" \/>\n\t<meta property=\"og:image:height\" content=\"1127\" \/>\n<meta name=\"twitter:card\" content=\"summary_large_image\" \/>\n<meta name=\"twitter:label1\" content=\"Written by\">\n\t<meta name=\"twitter:data1\" content=\"Joonas Saarinen\">\n\t<meta name=\"twitter:label2\" content=\"Est. reading time\">\n\t<meta name=\"twitter:data2\" content=\"1 minuutti\">\n<script type=\"application\/ld+json\" class=\"yoast-schema-graph\">{\"@context\":\"https:\/\/schema.org\",\"@graph\":[{\"@type\":\"WebSite\",\"@id\":\"https:\/\/www.taksierkkila.fi\/#website\",\"url\":\"https:\/\/www.taksierkkila.fi\/\",\"name\":\"Taksi Erkkil&auml; - Taksi S&auml;kyl&auml;\",\"description\":\"Taksi Erkkil&auml; - Stressit&ouml;n Kyyti - Taksi S&auml;kyl&auml;\",\"potentialAction\":[{\"@type\":\"SearchAction\",\"target\":\"https:\/\/www.taksierkkila.fi\/?s={search_term_string}\",\"query-input\":\"required name=search_term_string\"}],\"inLanguage\":\"fi\"},{\"@type\":\"ImageObject\",\"@id\":\"https:\/\/www.taksierkkila.fi\/#primaryimage\",\"inLanguage\":\"fi\",\"url\":\"https:\/\/www.taksierkkila.fi\/wp-content\/uploads\/2020\/03\/P1192801.jpg\",\"width\":2000,\"height\":1127,\"caption\":\"Taksi S\\u00e4kyl\\u00e4 - Kuljettaja Tommi Erkkil\\u00e4\"},{\"@type\":\"WebPage\",\"@id\":\"https:\/\/www.taksierkkila.fi\/#webpage\",\"url\":\"https:\/\/www.taksierkkila.fi\/\",\"name\":\"Taksi S\\u00e4kyl\\u00e4 - Taksi Erkkil\\u00e4 Kuljettaa Luotettavasti L\\u00e4nsi-Suomen Alueelta\",\"isPartOf\":{\"@id\":\"https:\/\/www.taksierkkila.fi\/#website\"},\"primaryImageOfPage\":{\"@id\":\"https:\/\/www.taksierkkila.fi\/#primaryimage\"},\"datePublished\":\"2020-02-22T14:30:42+00:00\",\"dateModified\":\"2020-06-02T10:43:23+00:00\",\"description\":\"Taksi S\\u00e4kyl\\u00e4 - Taksi Erkkil\\u00e4 tarjoaa luotettavaa henkil\\u00f6- ja tavarakuljetuspalvelua S\\u00e4kyl\\u00e4ss\\u00e4 ja koko L\\u00e4nsi-Suomen alueella. Ota yhteytt\\u00e4 ja hypp\\u00e4\\u00e4 kyytiin!\",\"inLanguage\":\"fi\",\"potentialAction\":[{\"@type\":\"ReadAction\",\"target\":[\"https:\/\/www.taksierkkila.fi\/\"]}]}]}<\/script>\n<!-- \/ Yoast SEO plugin. -->","_links":{"self":[{"href":"https:\/\/www.taksierkkila.fi\/index.php?rest_route=\/wp\/v2\/pages\/5"}],"collection":[{"href":"https:\/\/www.taksierkkila.fi\/index.php?rest_route=\/wp\/v2\/pages"}],"about":[{"href":"https:\/\/www.taksierkkila.fi\/index.php?rest_route=\/wp\/v2\/types\/page"}],"author":[{"embeddable":true,"href":"https:\/\/www.taksierkkila.fi\/index.php?rest_route=\/wp\/v2\/users\/2"}],"replies":[{"embeddable":true,"href":"https:\/\/www.taksierkkila.fi\/index.php?rest_route=%2Fwp%2Fv2%2Fcomments&post=5"}],"version-history":[{"count":36,"href":"https:\/\/www.taksierkkila.fi\/index.php?rest_route=\/wp\/v2\/pages\/5\/revisions"}],"predecessor-version":[{"id":112,"href":"https:\/\/www.taksierkkila.fi\/index.php?rest_route=\/wp\/v2\/pages\/5\/revisions\/112"}],"wp:featuredmedia":[{"embeddable":true,"href":"https:\/\/www.taksierkkila.fi\/index.php?rest_route=\/wp\/v2\/media\/15"}],"wp:attachment":[{"href":"https:\/\/www.taksierkkila.fi\/index.php?rest_route=%2Fwp%2Fv2%2Fmedia&parent=5"}],"curies":[{"name":"wp","href":"https:\/\/api.w.org\/{rel}","templated":true}]}}